{"id":103,"date":"2013-11-29T09:53:44","date_gmt":"2013-11-29T08:53:44","guid":{"rendered":"http:\/\/91.236.55.103\/~monter\/sample\/?page_id=103"},"modified":"2025-01-16T14:05:40","modified_gmt":"2025-01-16T13:05:40","slug":"kontakt-2","status":"publish","type":"page","link":"http:\/\/smlub.pl\/index.php\/kontakt-2\/","title":{"rendered":"Kontakt"},"content":{"rendered":"<h3 style=\"text-align: center;\"><a href=\"http:\/\/91.236.55.103\/~monter\/sample\/wp-content\/uploads\/2013\/11\/adres.png\" rel=\"lightbox[103]\"><img decoding=\"async\" loading=\"lazy\" class=\"alignnone size-full wp-image-262\" src=\"http:\/\/91.236.55.103\/~monter\/sample\/wp-content\/uploads\/2013\/11\/adres.png\" alt=\"adres\" width=\"32\" height=\"32\" \/><\/a><\/h3>\n<h3 style=\"text-align: center;\"><span style=\"color: #0000ff;\">Sp\u00f3\u0142dzielnia Mieszkaniowa w Lubaczowie<\/span><\/h3>\n<h3 style=\"text-align: center;\"><span style=\"color: #0000ff;\">ul. S\u0142owackiego 34A<\/span><\/h3>\n<h3 style=\"text-align: center;\"><span style=\"color: #0000ff;\">37-600 Lubacz\u00f3w<\/span><\/h3>\n<h5 style=\"text-align: center;\">Sekretariat:<\/h5>\n<h5 style=\"text-align: center;\">Tel. (16) 63-216-74<\/h5>\n<h5 style=\"text-align: center;\">Adres e-mail: smlub@o2.pl<\/h5>\n<h4>\u00a0 \u00a0 \u00a0 \u00a0 \u00a0 \u00a0 \u00a0 \u00a0 \u00a0 \u00a0 \u00a0 \u00a0 \u00a0 \u00a0 \u00a0 \u00a0 \u00a0 \u00a0 \u00a0 \u00a0 Adres do e-Dor\u0119cze\u0144: AE:PL-87345-31779-FUAHD-27<\/h4>\n<h4 style=\"text-align: center;\">Biuro czynne: poniedzia\u0142ek &#8211; pi\u0105tek 7 -15<\/h4>\n<h5><span style=\"font-family: arial,helvetica,sans-serif;\"><em><span style=\"text-decoration: underline; color: #0000ff;\">TELEFONY KONTAKTOWE:<\/span><\/em><\/span><\/h5>\n<span style=\"font-family: arial,helvetica,sans-serif;\">\u00a0<\/span>\n<h5 style=\"text-align: left;\"><span style=\"text-decoration: underline; font-family: arial,helvetica,sans-serif; color: #0000ff;\">Administrator osiedli :<\/span><\/h5>\n<span style=\"font-family: arial,helvetica,sans-serif;\">\u00a0<\/span>\n<h5 style=\"text-align: left;\"><span style=\"font-family: arial,helvetica,sans-serif;\">\u00a0<strong> &#8211; Lubacz\u00f3w:<\/strong>\u00a0 os. Mickiewicza, os. Unii Lubelskiej, os. Jagiellon\u00f3w:\u00a0 \u00a0 \u00a0 \u00a0 \u00a0 \u00a0 \u00a0 \u00a0 \u00a0 \u00a0 \u00a0 \u00a0 \u00a0 \u00a0 <strong>kom. 532 538 500<\/strong><\/span><\/h5>\n<span style=\"font-family: arial,helvetica,sans-serif;\">\u00a0<\/span>\n<h5 style=\"text-align: left;\"><span style=\"text-decoration: underline; font-family: arial,helvetica,sans-serif; color: #0000ff;\">Administrator osiedli :<\/span><\/h5>\n<span style=\"font-family: arial,helvetica,sans-serif;\">\u00a0<\/span>\n<h5 style=\"text-align: left;\"><span style=\"font-family: arial,helvetica,sans-serif;\">\u00a0<strong>&#8211; Lubacz\u00f3w:<\/strong>\u00a0 ul. Legion\u00f3w 5 i 7, ul. \u017beromskiego 8, ul. S\u0142owackiego 24,26,28, ul. Norwida 4, 8, 10<strong>;\n<\/strong><\/span><\/h5>\n<h5 style=\"text-align: left;\"><span style=\"font-family: arial,helvetica,sans-serif;\">\u00a0<strong>&#8211; Narol:<\/strong> os. Sobieskiego;<\/span><\/h5>\n<h5 style=\"text-align: left;\"><span style=\"font-family: arial,helvetica,sans-serif;\"><strong>&#8211; Oleszyce:<\/strong> os. Sapiehy;<\/span><\/h5>\n<h5 style=\"text-align: left;\"><span style=\"font-family: arial,helvetica,sans-serif;\"><strong>\u00a0-Cieszan\u00f3w:<\/strong> os. Armii Krajowej, os. Kustronia, ul. Witosa 4, ul. Rynek 12\u00a0\u00a0\u00a0\u00a0\u00a0\u00a0\u00a0\u00a0\u00a0\u00a0\u00a0\u00a0\u00a0\u00a0\u00a0\u00a0\u00a0\u00a0\u00a0<strong> kom. 667 041 809\u00a0<\/strong><\/span><\/h5>\n<h5 style=\"text-align: left;\"><span style=\"font-family: arial,helvetica,sans-serif;\">\u00a0 \u00a0 \u00a0 \u00a0 \u00a0 \u00a0 \u00a0 \u00a0 \u00a0 \u00a0 \u00a0 \u00a0 \u00a0 \u00a0 \u00a0 \u00a0 \u00a0 \u00a0 \u00a0 \u00a0 \u00a0 \u00a0 \u00a0 \u00a0 \u00a0 \u00a0 \u00a0 \u00a0 \u00a0 \u00a0 \u00a0 \u00a0 \u00a0 \u00a0 \u00a0 \u00a0 \u00a0 \u00a0 \u00a0 \u00a0 \u00a0 \u00a0 \u00a0 \u00a0 \u00a0 \u00a0 \u00a0 \u00a0 \u00a0 \u00a0 \u00a0 \u00a0 \u00a0 \u00a0 \u00a0 \u00a0 \u00a0 \u00a0 \u00a0 \u00a0 \u00a0 \u00a0 \u00a0 \u00a0 \u00a0 \u00a0 \u00a0 \u00a0 \u00a0 \u00a0 \u00a0 \u00a0 \u00a0 \u00a0 \u00a0\u00a0<\/span><\/h5>","protected":false},"excerpt":{"rendered":"<p>Sp\u00f3\u0142dzielnia Mieszkaniowa w Lubaczowie ul. S\u0142owackiego 34A 37-600 Lubacz\u00f3w Sekretariat: Tel. (16) 63-216-74 Adres e-mail: smlub@o2.pl \u00a0 \u00a0 \u00a0 \u00a0 \u00a0 \u00a0 \u00a0 \u00a0 \u00a0 \u00a0 \u00a0 \u00a0 \u00a0 \u00a0 \u00a0 \u00a0 \u00a0 \u00a0 \u00a0 \u00a0 Adres do e-Dor\u0119cze\u0144: AE:PL-87345-31779-FUAHD-27 Biuro czynne: poniedzia\u0142ek &#8211; pi\u0105tek 7 -15 TELEFONY KONTAKTOWE: \u00a0 Administrator osiedli : \u00a0 \u00a0 [&hellip;]<\/p>\n","protected":false},"author":1,"featured_media":0,"parent":0,"menu_order":0,"comment_status":"open","ping_status":"open","template":"","meta":{"footnotes":""},"aioseo_notices":[],"_links":{"self":[{"href":"http:\/\/smlub.pl\/index.php\/wp-json\/wp\/v2\/pages\/103"}],"collection":[{"href":"http:\/\/smlub.pl\/index.php\/wp-json\/wp\/v2\/pages"}],"about":[{"href":"http:\/\/smlub.pl\/index.php\/wp-json\/wp\/v2\/types\/page"}],"author":[{"embeddable":true,"href":"http:\/\/smlub.pl\/index.php\/wp-json\/wp\/v2\/users\/1"}],"replies":[{"embeddable":true,"href":"http:\/\/smlub.pl\/index.php\/wp-json\/wp\/v2\/comments?post=103"}],"version-history":[{"count":34,"href":"http:\/\/smlub.pl\/index.php\/wp-json\/wp\/v2\/pages\/103\/revisions"}],"predecessor-version":[{"id":2320,"href":"http:\/\/smlub.pl\/index.php\/wp-json\/wp\/v2\/pages\/103\/revisions\/2320"}],"wp:attachment":[{"href":"http:\/\/smlub.pl\/index.php\/wp-json\/wp\/v2\/media?parent=103"}],"curies":[{"name":"wp","href":"https:\/\/api.w.org\/{rel}","templated":true}]}}